{"id":328,"date":"2026-03-19T17:12:46","date_gmt":"2026-03-19T16:12:46","guid":{"rendered":"https:\/\/vcbaudet.be\/?page_id=328"},"modified":"2026-03-20T09:44:19","modified_gmt":"2026-03-20T08:44:19","slug":"notre-club","status":"publish","type":"page","link":"https:\/\/vcbaudet.be\/","title":{"rendered":"Notre club"},"content":{"rendered":"\n<p class=\"has-text-align-center\"><strong>Le VC Baudets Bertrix existe maintenant depuis 66 ans, avec le matricule LX0365, situ\u00e9 en Province de Luxembourg, fort de son exp\u00e9rience et son histoire.<\/strong><\/p>\n\n\n\n<p class=\"has-text-align-center\">Depuis sa cr\u00e9ation, le club s\u2019est construit autour de valeurs fortes : la passion du&nbsp;<strong>volley-ball<\/strong>, l\u2019esprit d\u2019\u00e9quipe et un profond ancrage local. Au fil des ann\u00e9es, il a su \u00e9voluer, se structurer et se d\u00e9velopper, tout en conservant ce qui fait sa force : une ambiance conviviale et familiale o\u00f9 chacun trouve sa place.<\/p>\n\n\n\n<div style=\"height:40px\" aria-hidden=\"true\" class=\"wp-block-spacer\"><\/div>\n\n\n<div class=\"wp-block-image\">\n<figure class=\"aligncenter size-full is-resized\"><img loading=\"lazy\" decoding=\"async\" width=\"960\" height=\"748\" src=\"http:\/\/vcbaudet.be\/wp-content\/uploads\/2026\/03\/IMG_0961.jpg\" alt=\"\" class=\"wp-image-415\" style=\"width:625px;height:auto\" srcset=\"https:\/\/vcbaudet.be\/wp-content\/uploads\/2026\/03\/IMG_0961.jpg 960w, https:\/\/vcbaudet.be\/wp-content\/uploads\/2026\/03\/IMG_0961-300x234.jpg 300w, https:\/\/vcbaudet.be\/wp-content\/uploads\/2026\/03\/IMG_0961-768x598.jpg 768w, https:\/\/vcbaudet.be\/wp-content\/uploads\/2026\/03\/IMG_0961-128x100.jpg 128w, https:\/\/vcbaudet.be\/wp-content\/uploads\/2026\/03\/IMG_0961-32x25.jpg 32w, https:\/\/vcbaudet.be\/wp-content\/uploads\/2026\/03\/IMG_0961-280x218.jpg 280w, https:\/\/vcbaudet.be\/wp-content\/uploads\/2026\/03\/IMG_0961-356x277.jpg 356w, https:\/\/vcbaudet.be\/wp-content\/uploads\/2026\/03\/IMG_0961-470x366.jpg 470w, https:\/\/vcbaudet.be\/wp-content\/uploads\/2026\/03\/IMG_0961-70x55.jpg 70w, https:\/\/vcbaudet.be\/wp-content\/uploads\/2026\/03\/IMG_0961-100x78.jpg 100w\" sizes=\"auto, (max-width: 960px) 100vw, 960px\" \/><\/figure>\n<\/div>\n\n\n<div style=\"height:40px\" aria-hidden=\"true\" class=\"wp-block-spacer\"><\/div>\n\n\n\n<p class=\"has-text-align-center\">Le VC Baudets Bertrix, c\u2019est avant tout une aventure humaine. Des g\u00e9n\u00e9rations de joueuses, joueurs, entra\u00eeneurs et b\u00e9n\u00e9voles ont contribu\u00e9 \u00e0 faire grandir le club. Cette transmission, entre exp\u00e9rience et jeunesse, est aujourd\u2019hui encore au c\u0153ur de notre identit\u00e9.<\/p>\n\n\n\n<p class=\"has-text-align-center\">Tr\u00e8s actif dans la formation, le club accorde une attention particuli\u00e8re aux jeunes. Apprendre les bases du volley, progresser techniquement, mais aussi d\u00e9velopper le respect, l\u2019esprit d\u2019\u00e9quipe et le plaisir du jeu : autant d\u2019objectifs qui guident notre travail au quotidien. Des \u00e9quipes de jeunes aux \u00e9quipes seniors, chacun peut \u00e9voluer \u00e0 son rythme, dans un cadre encadr\u00e9 et bienveillant.<\/p>\n\n\n\n<div style=\"height:40px\" aria-hidden=\"true\" class=\"wp-block-spacer\"><\/div>\n\n\n<div class=\"wp-block-image\">\n<figure class=\"aligncenter size-large is-resized\"><img loading=\"lazy\" decoding=\"async\" width=\"1024\" height=\"683\" src=\"https:\/\/vcbaudet.be\/wp-content\/uploads\/2026\/03\/IMG_1340-1024x683.jpg\" alt=\"\" class=\"wp-image-414\" style=\"aspect-ratio:1.4992888417882142;width:573px;height:auto\" srcset=\"https:\/\/vcbaudet.be\/wp-content\/uploads\/2026\/03\/IMG_1340-1024x683.jpg 1024w, https:\/\/vcbaudet.be\/wp-content\/uploads\/2026\/03\/IMG_1340-300x200.jpg 300w, https:\/\/vcbaudet.be\/wp-content\/uploads\/2026\/03\/IMG_1340-768x512.jpg 768w, https:\/\/vcbaudet.be\/wp-content\/uploads\/2026\/03\/IMG_1340-1536x1024.jpg 1536w, https:\/\/vcbaudet.be\/wp-content\/uploads\/2026\/03\/IMG_1340-128x85.jpg 128w, https:\/\/vcbaudet.be\/wp-content\/uploads\/2026\/03\/IMG_1340-32x21.jpg 32w, https:\/\/vcbaudet.be\/wp-content\/uploads\/2026\/03\/IMG_1340-356x237.jpg 356w, https:\/\/vcbaudet.be\/wp-content\/uploads\/2026\/03\/IMG_1340-470x313.jpg 470w, https:\/\/vcbaudet.be\/wp-content\/uploads\/2026\/03\/IMG_1340-70x47.jpg 70w, https:\/\/vcbaudet.be\/wp-content\/uploads\/2026\/03\/IMG_1340-100x67.jpg 100w, https:\/\/vcbaudet.be\/wp-content\/uploads\/2026\/03\/IMG_1340.jpg 2048w\" sizes=\"auto, (max-width: 1024px) 100vw, 1024px\" \/><\/figure>\n<\/div>\n\n\n<div style=\"height:40px\" aria-hidden=\"true\" class=\"wp-block-spacer\"><\/div>\n\n\n\n<p class=\"has-text-align-center\">Au-del\u00e0 du terrain, le VC Baudets Bertrix est aussi un v\u00e9ritable lieu de vie. Entra\u00eenements, matchs, tournois et moments festifs rythment la saison et renforcent les liens entre membres, familles et supporters. C\u2019est cette convivialit\u00e9 qui fait la richesse du club.<\/p>\n\n\n\n<p class=\"has-text-align-center\">Aujourd\u2019hui, fort de son histoire et tourn\u00e9 vers l\u2019avenir, le VC Baudets Bertrix poursuit son d\u00e9veloppement avec enthousiasme. Notre ambition reste la m\u00eame : promouvoir le volley-ball \u00e0 Bertrix, former les jeunes et continuer \u00e0 faire vivre un club o\u00f9 sport rime avec passion, partage et engagement.<\/p>\n\n\n\n<div style=\"height:40px\" aria-hidden=\"true\" class=\"wp-block-spacer\"><\/div>\n\n\n\n<figure class=\"wp-block-gallery has-nested-images columns-default is-cropped wp-block-gallery-1 is-layout-flex wp-block-gallery-is-layout-flex\">\n<figure class=\"wp-block-image size-large\"><img loading=\"lazy\" decoding=\"async\" width=\"1919\" height=\"2560\" data-id=\"422\" src=\"https:\/\/vcbaudet.be\/wp-content\/uploads\/2026\/03\/IMG_0148-edited-scaled.jpg\" alt=\"\" class=\"wp-image-422\" srcset=\"https:\/\/vcbaudet.be\/wp-content\/uploads\/2026\/03\/IMG_0148-edited-scaled.jpg 1919w, https:\/\/vcbaudet.be\/wp-content\/uploads\/2026\/03\/IMG_0148-edited-225x300.jpg 225w, https:\/\/vcbaudet.be\/wp-content\/uploads\/2026\/03\/IMG_0148-edited-768x1024.jpg 768w, https:\/\/vcbaudet.be\/wp-content\/uploads\/2026\/03\/IMG_0148-edited-1152x1536.jpg 1152w, https:\/\/vcbaudet.be\/wp-content\/uploads\/2026\/03\/IMG_0148-edited-1535x2048.jpg 1535w, https:\/\/vcbaudet.be\/wp-content\/uploads\/2026\/03\/IMG_0148-edited-96x128.jpg 96w, https:\/\/vcbaudet.be\/wp-content\/uploads\/2026\/03\/IMG_0148-edited-24x32.jpg 24w, https:\/\/vcbaudet.be\/wp-content\/uploads\/2026\/03\/IMG_0148-edited-300x400.jpg 300w, https:\/\/vcbaudet.be\/wp-content\/uploads\/2026\/03\/IMG_0148-edited-435x580.jpg 435w, https:\/\/vcbaudet.be\/wp-content\/uploads\/2026\/03\/IMG_0148-edited-52x70.jpg 52w, https:\/\/vcbaudet.be\/wp-content\/uploads\/2026\/03\/IMG_0148-edited-75x100.jpg 75w\" sizes=\"auto, (max-width: 1919px) 100vw, 1919px\" \/><\/figure>\n\n\n\n<figure class=\"wp-block-image size-large\"><img loading=\"lazy\" decoding=\"async\" width=\"1919\" height=\"2560\" data-id=\"423\" src=\"https:\/\/vcbaudet.be\/wp-content\/uploads\/2026\/03\/IMG_0063-edited-scaled.jpg\" alt=\"\" class=\"wp-image-423\" srcset=\"https:\/\/vcbaudet.be\/wp-content\/uploads\/2026\/03\/IMG_0063-edited-scaled.jpg 1919w, https:\/\/vcbaudet.be\/wp-content\/uploads\/2026\/03\/IMG_0063-edited-225x300.jpg 225w, https:\/\/vcbaudet.be\/wp-content\/uploads\/2026\/03\/IMG_0063-edited-768x1024.jpg 768w, https:\/\/vcbaudet.be\/wp-content\/uploads\/2026\/03\/IMG_0063-edited-1152x1536.jpg 1152w, https:\/\/vcbaudet.be\/wp-content\/uploads\/2026\/03\/IMG_0063-edited-1535x2048.jpg 1535w, https:\/\/vcbaudet.be\/wp-content\/uploads\/2026\/03\/IMG_0063-edited-96x128.jpg 96w, https:\/\/vcbaudet.be\/wp-content\/uploads\/2026\/03\/IMG_0063-edited-24x32.jpg 24w, https:\/\/vcbaudet.be\/wp-content\/uploads\/2026\/03\/IMG_0063-edited-300x400.jpg 300w, https:\/\/vcbaudet.be\/wp-content\/uploads\/2026\/03\/IMG_0063-edited-435x580.jpg 435w, https:\/\/vcbaudet.be\/wp-content\/uploads\/2026\/03\/IMG_0063-edited-52x70.jpg 52w, https:\/\/vcbaudet.be\/wp-content\/uploads\/2026\/03\/IMG_0063-edited-75x100.jpg 75w\" sizes=\"auto, (max-width: 1919px) 100vw, 1919px\" \/><\/figure>\n<\/figure>\n\n\n\n<p class=\"has-text-align-center\"><\/p>\n\n\n\n<p>&nbsp;<\/p>\n","protected":false},"excerpt":{"rendered":"<p>Le VC Baudets Bertrix existe maintenant depuis 66 ans, avec le matricule LX0365, situ\u00e9 en Province de Luxembourg, fort de son exp\u00e9rience et son histoire. Depuis sa cr\u00e9ation, le club s\u2019est construit autour de valeurs fortes : la passion du&nbsp;volley-ball, l\u2019esprit d\u2019\u00e9quipe et un profond ancrage local. Au fil des ann\u00e9es, il a su \u00e9voluer,&#8230;<\/p>\n","protected":false},"author":1,"featured_media":0,"parent":0,"menu_order":0,"comment_status":"closed","ping_status":"closed","template":"template-full-width.php","meta":{"footnotes":""},"class_list":["post-328","page","type-page","status-publish","hentry"],"_links":{"self":[{"href":"https:\/\/vcbaudet.be\/index.php?rest_route=\/wp\/v2\/pages\/328","targetHints":{"allow":["GET"]}}],"collection":[{"href":"https:\/\/vcbaudet.be\/index.php?rest_route=\/wp\/v2\/pages"}],"about":[{"href":"https:\/\/vcbaudet.be\/index.php?rest_route=\/wp\/v2\/types\/page"}],"author":[{"embeddable":true,"href":"https:\/\/vcbaudet.be\/index.php?rest_route=\/wp\/v2\/users\/1"}],"replies":[{"embeddable":true,"href":"https:\/\/vcbaudet.be\/index.php?rest_route=%2Fwp%2Fv2%2Fcomments&post=328"}],"version-history":[{"count":9,"href":"https:\/\/vcbaudet.be\/index.php?rest_route=\/wp\/v2\/pages\/328\/revisions"}],"predecessor-version":[{"id":424,"href":"https:\/\/vcbaudet.be\/index.php?rest_route=\/wp\/v2\/pages\/328\/revisions\/424"}],"wp:attachment":[{"href":"https:\/\/vcbaudet.be\/index.php?rest_route=%2Fwp%2Fv2%2Fmedia&parent=328"}],"curies":[{"name":"wp","href":"https:\/\/api.w.org\/{rel}","templated":true}]}}