{"id":330,"date":"2026-03-19T17:12:58","date_gmt":"2026-03-19T16:12:58","guid":{"rendered":"https:\/\/vcbaudet.be\/?page_id=330"},"modified":"2026-03-19T17:43:55","modified_gmt":"2026-03-19T16:43:55","slug":"notre-vision","status":"publish","type":"page","link":"https:\/\/vcbaudet.be\/?page_id=330","title":{"rendered":"Notre vision"},"content":{"rendered":"\n<h2 class=\"wp-block-heading has-text-align-left\"><strong>Vision strat\u00e9gique du VC Baudets Bertrix<\/strong><\/h2>\n\n\n\n<p class=\"has-text-align-left\"><strong>Notre mission<\/strong><br>Le VC Baudets Bertrix a pour mission de promouvoir la pratique du volley-ball pour tous, dans un cadre structur\u00e9, accessible et convivial. Le club s\u2019engage \u00e0 former les jeunes, accompagner les joueurs et joueuses \u00e0 chaque \u00e9tape de leur parcours, et offrir un environnement propice \u00e0 l\u2019\u00e9panouissement sportif et humain.<\/p>\n\n\n\n<p class=\"has-text-align-left\"><strong>Notre vision<\/strong><br>Nous aspirons \u00e0 \u00eatre un club de r\u00e9f\u00e9rence en Province de Luxembourg, reconnu pour la qualit\u00e9 de sa formation, son esprit familial et son engagement local.<\/p>\n\n\n\n<p class=\"has-text-align-left\">Le VC Baudets Bertrix souhaite continuer \u00e0 grandir de mani\u00e8re durable, en d\u00e9veloppant ses \u00e9quipes et en renfor\u00e7ant son encadrement dans le secteur jeunes, avec l&#8217;aide de Ren\u00e9 Malengreaux, ancien coach de la FVWB et de Ligue A, maintenant responsable de la formation des jeunes, \u00e0 qui nous offrons un entra\u00eenement technique suppl\u00e9mentaire chaque semaine en fonction des cat\u00e9gories d&#8217;\u00e2ge (en plus des 2 entrainements en \u00e9quipe senior).<\/p>\n\n\n\n<p><strong>Nos valeurs<\/strong><\/p>\n\n\n\n<ul class=\"wp-block-list\">\n<li><strong>Esprit d\u2019\u00e9quipe<\/strong>&nbsp;: favoriser la solidarit\u00e9, la coh\u00e9sion et l\u2019entraide sur et en dehors du terrain<\/li>\n\n\n\n<li><strong>Formation<\/strong>&nbsp;: accompagner chaque joueur dans son d\u00e9veloppement sportif et personnel<\/li>\n\n\n\n<li><strong>Convivialit\u00e9<\/strong>&nbsp;: cultiver une ambiance chaleureuse et inclusive, fid\u00e8le \u00e0 l\u2019esprit du club<\/li>\n<\/ul>\n\n\n\n<p>&nbsp;<\/p>\n","protected":false},"excerpt":{"rendered":"<p>Vision strat\u00e9gique du VC Baudets Bertrix Notre missionLe VC Baudets Bertrix a pour mission de promouvoir la pratique du volley-ball pour tous, dans un cadre structur\u00e9, accessible et convivial. Le club s\u2019engage \u00e0 former les jeunes, accompagner les joueurs et joueuses \u00e0 chaque \u00e9tape de leur parcours, et offrir un environnement propice \u00e0 l\u2019\u00e9panouissement sportif&#8230;<\/p>\n","protected":false},"author":1,"featured_media":0,"parent":0,"menu_order":0,"comment_status":"closed","ping_status":"closed","template":"template-full-width.php","meta":{"footnotes":""},"class_list":["post-330","page","type-page","status-publish","hentry"],"_links":{"self":[{"href":"https:\/\/vcbaudet.be\/index.php?rest_route=\/wp\/v2\/pages\/330","targetHints":{"allow":["GET"]}}],"collection":[{"href":"https:\/\/vcbaudet.be\/index.php?rest_route=\/wp\/v2\/pages"}],"about":[{"href":"https:\/\/vcbaudet.be\/index.php?rest_route=\/wp\/v2\/types\/page"}],"author":[{"embeddable":true,"href":"https:\/\/vcbaudet.be\/index.php?rest_route=\/wp\/v2\/users\/1"}],"replies":[{"embeddable":true,"href":"https:\/\/vcbaudet.be\/index.php?rest_route=%2Fwp%2Fv2%2Fcomments&post=330"}],"version-history":[{"count":5,"href":"https:\/\/vcbaudet.be\/index.php?rest_route=\/wp\/v2\/pages\/330\/revisions"}],"predecessor-version":[{"id":372,"href":"https:\/\/vcbaudet.be\/index.php?rest_route=\/wp\/v2\/pages\/330\/revisions\/372"}],"wp:attachment":[{"href":"https:\/\/vcbaudet.be\/index.php?rest_route=%2Fwp%2Fv2%2Fmedia&parent=330"}],"curies":[{"name":"wp","href":"https:\/\/api.w.org\/{rel}","templated":true}]}}