{"id":52,"date":"2020-07-26T15:26:26","date_gmt":"2020-07-26T13:26:26","guid":{"rendered":"http:\/\/vcbaudet.be\/?page_id=52"},"modified":"2026-03-20T09:59:21","modified_gmt":"2026-03-20T08:59:21","slug":"actualite","status":"publish","type":"page","link":"https:\/\/vcbaudet.be\/?page_id=52","title":{"rendered":"Actualit\u00e9"},"content":{"rendered":"\n<p>02\/01\/2024 &#8211; <a href=\"https:\/\/vcbaudet.be\/?page_id=263\">Mise \u00e0 jour des t\u00e2ches (tablette + caf\u00e9taria)<\/a><\/p>\n\n\n\n<p>D\u00e9but des matchs retour ! <\/p>\n","protected":false},"excerpt":{"rendered":"<p>02\/01\/2024 &#8211; Mise \u00e0 jour des t\u00e2ches (tablette + caf\u00e9taria) D\u00e9but des matchs retour !<\/p>\n","protected":false},"author":1,"featured_media":0,"parent":0,"menu_order":0,"comment_status":"closed","ping_status":"closed","template":"","meta":{"footnotes":""},"class_list":["post-52","page","type-page","status-publish","hentry"],"_links":{"self":[{"href":"https:\/\/vcbaudet.be\/index.php?rest_route=\/wp\/v2\/pages\/52","targetHints":{"allow":["GET"]}}],"collection":[{"href":"https:\/\/vcbaudet.be\/index.php?rest_route=\/wp\/v2\/pages"}],"about":[{"href":"https:\/\/vcbaudet.be\/index.php?rest_route=\/wp\/v2\/types\/page"}],"author":[{"embeddable":true,"href":"https:\/\/vcbaudet.be\/index.php?rest_route=\/wp\/v2\/users\/1"}],"replies":[{"embeddable":true,"href":"https:\/\/vcbaudet.be\/index.php?rest_route=%2Fwp%2Fv2%2Fcomments&post=52"}],"version-history":[{"count":8,"href":"https:\/\/vcbaudet.be\/index.php?rest_route=\/wp\/v2\/pages\/52\/revisions"}],"predecessor-version":[{"id":438,"href":"https:\/\/vcbaudet.be\/index.php?rest_route=\/wp\/v2\/pages\/52\/revisions\/438"}],"wp:attachment":[{"href":"https:\/\/vcbaudet.be\/index.php?rest_route=%2Fwp%2Fv2%2Fmedia&parent=52"}],"curies":[{"name":"wp","href":"https:\/\/api.w.org\/{rel}","templated":true}]}}