{"id":68,"date":"2020-07-26T15:29:16","date_gmt":"2020-07-26T13:29:16","guid":{"rendered":"http:\/\/vcbaudet.be\/?page_id=68"},"modified":"2026-03-20T09:57:50","modified_gmt":"2026-03-20T08:57:50","slug":"entrainements","status":"publish","type":"page","link":"https:\/\/vcbaudet.be\/?page_id=68","title":{"rendered":"Entra\u00eenements"},"content":{"rendered":"\n<h2 class=\"wp-block-heading\">Voici l&#8217;horaire des entra\u00eenements pour cette saison 2025-2026.<\/h2>\n\n\n\n<h3 class=\"wp-block-heading\">Bonne saison \u00e0 tous !<\/h3>\n\n\n\n<p><strong>Mini volley<\/strong> :<\/p>\n\n\n\n<p>Mercredi de 15h30 \u00e0 17h00 au Centre sportif de Bertrix (\u00e0 voir en fonction des \u00e2ges)<\/p>\n\n\n\n<p><br><strong>P4 Mixte :<\/strong><\/p>\n\n\n\n<p>Mercredi de 17h00 \u00e0 19h00 au Centre Sportif de Bertrix<br>Vendredi de 15h30 \u00e0 17h00 l\u2019Ath\u00e9n\u00e9e de Bertrix<\/p>\n\n\n\n<p><strong>P3D<\/strong> :<\/p>\n\n\n\n<p>Mardi de 17h00 \u00e0 19h00 \u00e0 l&#8217;Ath\u00e9n\u00e9e de Bertrix<br>Jeudi de 18h30 \u00e0 20h30 \u00e0 l\u2019Ath\u00e9n\u00e9e de Bertrix<br><\/p>\n\n\n\n<p><strong>P2D<\/strong> :<\/p>\n\n\n\n<p>Mercredi de 19h00 \u00e0 21h00 \u00e0 l&#8217;Ath\u00e9n\u00e9e de Bertrix<br>Vendredi de 19h00 \u00e0 21h00 \u00e0 l\u2019Ath\u00e9n\u00e9e de Bertrix<\/p>\n\n\n\n<p><br><strong>P1D<\/strong> :<\/p>\n\n\n\n<p>Mardi de 18h30 \u00e0 20h30 au Centre Sportif de Bertrix<br>Vendredi de 19h00 \u00e0 21h00 Complexe sportif de Libin<\/p>\n\n\n\n<p><strong>PROM D<\/strong> :<\/p>\n\n\n\n<p>Mardi de 18h00 \u00e0 20h00 au Centre Sportif de Bertrix<br>Vendredi de 19h00 \u00e0 21h00 au Complexe sportif de Libin<\/p>\n\n\n\n<p><strong>P1M<\/strong> :<\/p>\n\n\n\n<p>Mardi de 19h00 \u00e0 21h00 \u00e0 l\u2019Ath\u00e9n\u00e9e de Bertrix<br>Vendredi de 19h00 \u00e0 21h00 au Complexe sportif de Libin<\/p>\n\n\n\n<p><br><strong>PROM H :<\/strong><\/p>\n\n\n\n<p>Mardi de 20h00 \u00e0 22h00 au Centre sportif de Bertrix<br>Jeudi de 20h30 \u00e0 22h30 \u00e0 l\u2019Ath\u00e9n\u00e9e de Bertrix<\/p>\n\n\n\n<p><strong>Loisir<\/strong> :<\/p>\n\n\n\n<p>Jeudi de 20h \u00e0 22h au Centre sportif de Bertrix<\/p>\n\n\n\n<p><\/p>\n","protected":false},"excerpt":{"rendered":"<p>Voici l&#8217;horaire des entra\u00eenements pour cette saison 2025-2026. Bonne saison \u00e0 tous ! Mini volley : Mercredi de 15h30 \u00e0 17h00 au Centre sportif de Bertrix (\u00e0 voir en fonction des \u00e2ges) P4 Mixte : Mercredi de 17h00 \u00e0 19h00 au Centre Sportif de BertrixVendredi de 15h30 \u00e0 17h00 l\u2019Ath\u00e9n\u00e9e de Bertrix P3D : Mardi&#8230;<\/p>\n","protected":false},"author":1,"featured_media":0,"parent":0,"menu_order":0,"comment_status":"closed","ping_status":"closed","template":"","meta":{"footnotes":""},"class_list":["post-68","page","type-page","status-publish","hentry"],"_links":{"self":[{"href":"https:\/\/vcbaudet.be\/index.php?rest_route=\/wp\/v2\/pages\/68","targetHints":{"allow":["GET"]}}],"collection":[{"href":"https:\/\/vcbaudet.be\/index.php?rest_route=\/wp\/v2\/pages"}],"about":[{"href":"https:\/\/vcbaudet.be\/index.php?rest_route=\/wp\/v2\/types\/page"}],"author":[{"embeddable":true,"href":"https:\/\/vcbaudet.be\/index.php?rest_route=\/wp\/v2\/users\/1"}],"replies":[{"embeddable":true,"href":"https:\/\/vcbaudet.be\/index.php?rest_route=%2Fwp%2Fv2%2Fcomments&post=68"}],"version-history":[{"count":9,"href":"https:\/\/vcbaudet.be\/index.php?rest_route=\/wp\/v2\/pages\/68\/revisions"}],"predecessor-version":[{"id":435,"href":"https:\/\/vcbaudet.be\/index.php?rest_route=\/wp\/v2\/pages\/68\/revisions\/435"}],"wp:attachment":[{"href":"https:\/\/vcbaudet.be\/index.php?rest_route=%2Fwp%2Fv2%2Fmedia&parent=68"}],"curies":[{"name":"wp","href":"https:\/\/api.w.org\/{rel}","templated":true}]}}