{"id":71,"date":"2020-07-26T15:29:16","date_gmt":"2020-07-26T13:29:16","guid":{"rendered":"http:\/\/vcbaudet.be\/?page_id=71"},"modified":"2026-03-20T09:59:00","modified_gmt":"2026-03-20T08:59:00","slug":"accidents","status":"publish","type":"page","link":"https:\/\/vcbaudet.be\/?page_id=71","title":{"rendered":"Accidents"},"content":{"rendered":"\n<p>Vous trouverez, ci-dessous, une d\u00e9claration d&#8217;accident \u00e0 remplir si vous \u00eates victime d&#8217;un accident survenu lors d&#8217;un entra\u00eenement ou d&#8217;un match.<\/p>\n\n\n\n<p>Ce document est \u00e0 faire remplir par votre m\u00e9decin et \u00e0 retourner au secr\u00e9taire du club ou \u00e0 l&#8217;adresse vcbaudet@gmail.com<\/p>\n\n\n\n<div class=\"wp-block-file\"><a href=\"http:\/\/vcbaudet.be\/wp-content\/uploads\/2020\/07\/Declaration-Accident-ETHIAS.pdf\">Declaration-Accident-ETHIAS<\/a><a href=\"http:\/\/vcbaudet.be\/wp-content\/uploads\/2020\/07\/Declaration-Accident-ETHIAS.pdf\" class=\"wp-block-file__button\" download>Download<\/a><\/div>\n\n\n\n<p><\/p>\n","protected":false},"excerpt":{"rendered":"<p>Vous trouverez, ci-dessous, une d\u00e9claration d&#8217;accident \u00e0 remplir si vous \u00eates victime d&#8217;un accident survenu lors d&#8217;un entra\u00eenement ou d&#8217;un match. Ce document est \u00e0 faire remplir par votre m\u00e9decin et \u00e0 retourner au secr\u00e9taire du club ou \u00e0 l&#8217;adresse vcbaudet@gmail.com<\/p>\n","protected":false},"author":1,"featured_media":0,"parent":0,"menu_order":0,"comment_status":"closed","ping_status":"closed","template":"","meta":{"footnotes":""},"class_list":["post-71","page","type-page","status-publish","hentry"],"_links":{"self":[{"href":"https:\/\/vcbaudet.be\/index.php?rest_route=\/wp\/v2\/pages\/71","targetHints":{"allow":["GET"]}}],"collection":[{"href":"https:\/\/vcbaudet.be\/index.php?rest_route=\/wp\/v2\/pages"}],"about":[{"href":"https:\/\/vcbaudet.be\/index.php?rest_route=\/wp\/v2\/types\/page"}],"author":[{"embeddable":true,"href":"https:\/\/vcbaudet.be\/index.php?rest_route=\/wp\/v2\/users\/1"}],"replies":[{"embeddable":true,"href":"https:\/\/vcbaudet.be\/index.php?rest_route=%2Fwp%2Fv2%2Fcomments&post=71"}],"version-history":[{"count":4,"href":"https:\/\/vcbaudet.be\/index.php?rest_route=\/wp\/v2\/pages\/71\/revisions"}],"predecessor-version":[{"id":437,"href":"https:\/\/vcbaudet.be\/index.php?rest_route=\/wp\/v2\/pages\/71\/revisions\/437"}],"wp:attachment":[{"href":"https:\/\/vcbaudet.be\/index.php?rest_route=%2Fwp%2Fv2%2Fmedia&parent=71"}],"curies":[{"name":"wp","href":"https:\/\/api.w.org\/{rel}","templated":true}]}}