{"id":72,"date":"2020-07-26T15:29:16","date_gmt":"2020-07-26T13:29:16","guid":{"rendered":"http:\/\/vcbaudet.be\/?page_id=72"},"modified":"2026-03-20T09:59:42","modified_gmt":"2026-03-20T08:59:42","slug":"mutuelle","status":"publish","type":"page","link":"https:\/\/vcbaudet.be\/?page_id=72","title":{"rendered":"Mutuelle"},"content":{"rendered":"\n<h2 class=\"wp-block-heading\">INTERVENTION DES MUTUELLES<\/h2>\n\n\n\n<p>Certaines mutuelles remboursent une partie de la cotisation \u00e0 un club<br>sportif. <br><br>Une fois votre attestation remplie (<strong>Paiement cotisation effectu\u00e9 + signature + vignette<\/strong>), d\u00e9posez l\u00e0 dans la boite aux lettres au nom du VC BAUDET se trouvant \u00e0 l&#8217;entr\u00e9e du Centre Sportif de Bertrix. <br><br><br>Liens<br><a href=\"http:\/\/www.munalux.be\/\">Mutualit\u00e9 neutre<\/a><\/p>\n\n\n\n<p><a href=\"http:\/\/www.mc.be\/\">Mutualit\u00e9 chr\u00e9tienne<\/a><\/p>\n\n\n\n<p><a href=\"http:\/\/www.mutsoc.be\/\">Mutualit\u00e9 socialiste<\/a><\/p>\n\n\n\n<p><a href=\"http:\/\/www.euromut.be\/\">Euromut<\/a><\/p>\n\n\n\n<p><a href=\"http:\/\/www.mut409.be\/jsp\/content.jsp?l=Fr&amp;r=40&amp;o=Mut409&amp;d=658\">Union des mutualit\u00e9s lib\u00e9rales<\/a><\/p>\n\n\n\n<p><a href=\"http:\/\/www.partenamut.be\/assurancecomplementaire-loisirs\">Partenamut<\/a><\/p>\n","protected":false},"excerpt":{"rendered":"<p>INTERVENTION DES MUTUELLES Certaines mutuelles remboursent une partie de la cotisation \u00e0 un clubsportif. Une fois votre attestation remplie (Paiement cotisation effectu\u00e9 + signature + vignette), d\u00e9posez l\u00e0 dans la boite aux lettres au nom du VC BAUDET se trouvant \u00e0 l&#8217;entr\u00e9e du Centre Sportif de Bertrix. LiensMutualit\u00e9 neutre Mutualit\u00e9 chr\u00e9tienne Mutualit\u00e9 socialiste Euromut Union&#8230;<\/p>\n","protected":false},"author":1,"featured_media":0,"parent":0,"menu_order":0,"comment_status":"closed","ping_status":"closed","template":"","meta":{"footnotes":""},"class_list":["post-72","page","type-page","status-publish","hentry"],"_links":{"self":[{"href":"https:\/\/vcbaudet.be\/index.php?rest_route=\/wp\/v2\/pages\/72","targetHints":{"allow":["GET"]}}],"collection":[{"href":"https:\/\/vcbaudet.be\/index.php?rest_route=\/wp\/v2\/pages"}],"about":[{"href":"https:\/\/vcbaudet.be\/index.php?rest_route=\/wp\/v2\/types\/page"}],"author":[{"embeddable":true,"href":"https:\/\/vcbaudet.be\/index.php?rest_route=\/wp\/v2\/users\/1"}],"replies":[{"embeddable":true,"href":"https:\/\/vcbaudet.be\/index.php?rest_route=%2Fwp%2Fv2%2Fcomments&post=72"}],"version-history":[{"count":3,"href":"https:\/\/vcbaudet.be\/index.php?rest_route=\/wp\/v2\/pages\/72\/revisions"}],"predecessor-version":[{"id":439,"href":"https:\/\/vcbaudet.be\/index.php?rest_route=\/wp\/v2\/pages\/72\/revisions\/439"}],"wp:attachment":[{"href":"https:\/\/vcbaudet.be\/index.php?rest_route=%2Fwp%2Fv2%2Fmedia&parent=72"}],"curies":[{"name":"wp","href":"https:\/\/api.w.org\/{rel}","templated":true}]}}